{"id":1322,"date":"2022-02-24T05:02:56","date_gmt":"2022-02-24T05:02:56","guid":{"rendered":"https:\/\/casatavola.nl\/?page_id=1322"},"modified":"2024-04-05T10:11:16","modified_gmt":"2024-04-05T10:11:16","slug":"home","status":"publish","type":"page","link":"https:\/\/casatavola.nl\/","title":{"rendered":"Home"},"content":{"rendered":"\n<div class=\"wp-block-uagb-container uagb-block-494c42c4 alignfull uagb-is-root-container\"><div class=\"uagb-container__video-wrap\"><video autoplay loop muted playsinline><source src=\"http:\/\/casatavola.nl\/wp-content\/uploads\/2023\/09\/Casa-Tavola-2-\u2010-Gemaakt-met-Clipchamp.mp4\" type=\"video\/mp4\"\/><\/video><\/div><div class=\"uagb-container-inner-blocks-wrap\">\n<div class=\"wp-block-uagb-advanced-heading uagb-block-b6b60c01\"><h1 class=\"uagb-heading-text\">Casa Tavola<\/h1><\/div>\n<\/div><\/div>\n\n\n\n<div class=\"wp-block-uagb-container uagb-block-f3942af0 alignfull uagb-is-root-container\"><div class=\"uagb-container-inner-blocks-wrap\">\n<div class=\"wp-block-uagb-container uagb-block-bcac75b1\">\n<div class=\"wp-block-uagb-info-box uagb-block-a01009d9 uagb-infobox__content-wrap  uagb-infobox-icon-above-title uagb-infobox-image-valign-top\"><div class=\"uagb-ifb-content\"><div class=\"uagb-ifb-title-wrap\"><span class=\"uagb-ifb-title-prefix\">De Villa<\/span><h4 class=\"uagb-ifb-title\">Prachtig vakantiehuis in Le Marche, Itali\u00eb op de heuvel met een priv\u00e9 zwembad.<\/h4><\/div><p class=\"uagb-ifb-desc\">Itali\u00eb ontdekken betekent genieten van de Italiaanse keuken, wijnen en natuur. Ontdek Itali\u00eb vanuit Casa Tavola, een prachtig vakantiehuis met priv\u00e9 zwembad in Le Marche. Het huis biedt ruimte aan 13 personen en is gesitueerd bovenop een heuvel, dichtbij het traditionele Italiaanse stadje Fossombrone.<br><br>De villa beschikt over twee woonkamers, twee keukens, een eetkamer, zes slaapkamers en drie badkamers. Alle kamers zijn met zorg ingericht en gedecoreerd met prachtige kunstwerken. <\/p><div class=\"uagb-ifb-button-wrapper wp-block-button\"><a href=\"?page_id=1324\" class=\"uagb-infobox-cta-link wp-block-button__link\" target=\"_self\" rel=\"noopener noreferrer\" onclick=\"return true;\" alt=\"\"><span class=\"uagb-inline-editing\">Ontdek meer<\/span><\/a><\/div><\/div><\/div>\n<\/div>\n\n\n\n<div class=\"wp-block-uagb-container uagb-block-0408e4b0\">\n<div class=\"wp-block-uagb-image alignleft uagb-block-db147eec wp-block-uagb-image--layout-default wp-block-uagb-image--effect-static wp-block-uagb-image--align-left\"><figure class=\"wp-block-uagb-image__figure\"><img decoding=\"async\" srcset=\"https:\/\/casatavola.nl\/wp-content\/uploads\/2023\/08\/IMG_2136-1024x768.jpg ,http:\/\/casatavola.nl\/wp-content\/uploads\/2023\/08\/IMG_2136-scaled.jpg 780w, http:\/\/casatavola.nl\/wp-content\/uploads\/2023\/08\/IMG_2136-scaled.jpg 360w\" sizes=\"auto, (max-width: 480px) 150px\" src=\"https:\/\/casatavola.nl\/wp-content\/uploads\/2023\/08\/IMG_2136-1024x768.jpg\" alt=\"Holiday-villa-Italy-Le-Marche-pool-private-house\" class=\"uag-image-1961\" width=\"1005\" height=\"580\" title=\"\" loading=\"lazy\" role=\"img\"\/><\/figure><\/div>\n<\/div>\n<\/div><\/div>\n\n\n\n<div class=\"wp-block-uagb-container uagb-block-32b8ba24 alignfull uagb-is-root-container\"><div class=\"uagb-container-inner-blocks-wrap\">\n<div class=\"wp-block-uagb-container uagb-block-425ab7bc\">\n<figure class=\"wp-block-image size-large is-resized\"><img loading=\"lazy\" decoding=\"async\" width=\"731\" height=\"1024\" src=\"http:\/\/casatavola.nl\/wp-content\/uploads\/2023\/09\/DSC04250-3-731x1024.jpg\" alt=\"\" class=\"wp-image-2006\" style=\"width:465px;height:650px\" srcset=\"https:\/\/casatavola.nl\/wp-content\/uploads\/2023\/09\/DSC04250-3-731x1024.jpg 731w, https:\/\/casatavola.nl\/wp-content\/uploads\/2023\/09\/DSC04250-3-214x300.jpg 214w, https:\/\/casatavola.nl\/wp-content\/uploads\/2023\/09\/DSC04250-3-768x1076.jpg 768w, https:\/\/casatavola.nl\/wp-content\/uploads\/2023\/09\/DSC04250-3-1097x1536.jpg 1097w, https:\/\/casatavola.nl\/wp-content\/uploads\/2023\/09\/DSC04250-3-1462x2048.jpg 1462w, https:\/\/casatavola.nl\/wp-content\/uploads\/2023\/09\/DSC04250-3-scaled.jpg 1828w\" sizes=\"auto, (max-width: 731px) 100vw, 731px\" \/><\/figure>\n<\/div>\n\n\n\n<div class=\"wp-block-uagb-container uagb-block-da027c53\">\n<div class=\"wp-block-uagb-info-box uagb-block-47e4253f uagb-infobox__content-wrap  uagb-infobox-icon-above-title uagb-infobox-image-valign-top\"><div class=\"uagb-ifb-content\"><div class=\"uagb-ifb-title-wrap\"><span class=\"uagb-ifb-title-prefix\">Le Marche<\/span><h4 class=\"uagb-ifb-title\">Een perfecte combinatie tussen stranden en bergen met authenticiteit en heerlijk eten.<\/h4><\/div><p class=\"uagb-ifb-desc\">Le Marche is \u00e9\u00e9n van de mooiste regio&#8217;s in Itali\u00eb, tussen de Apennijnen en de Adriatische zee, naast Toscane en Umbri\u00eb. Het combineert zonovergoten stranden, bergen, heuvels, liefelijke dorpjes en aantrekkelijke steden. Het doet wellicht denken aan Toscane, maar hier vind je meer authenticiteit, rust en vergezichten.<br><br>De regio is bekend om haar heerlijke slow food, vaak bereid met biologische producten van lokale boeren. Dichtbij Casa Tavola kun je vele authentieke restaurants, pizzeria&#8217;s en wijnhuizen vinden.<\/p><div class=\"uagb-ifb-button-wrapper wp-block-button\"><a href=\"?page_id=1326\" class=\"uagb-infobox-cta-link wp-block-button__link\" target=\"_self\" rel=\"noopener noreferrer\" onclick=\"return true;\" alt=\"\"><span class=\"uagb-inline-editing\">Ontdek meer<\/span><\/a><\/div><\/div><\/div>\n<\/div>\n<\/div><\/div>\n\n\n\n<div class=\"wp-block-uagb-container uagb-block-05a4a518 alignfull uagb-is-root-container\"><div class=\"uagb-container-inner-blocks-wrap\">\n<div class=\"wp-block-uagb-info-box uagb-block-9a97965e uagb-infobox__content-wrap  uagb-infobox-icon-above-title uagb-infobox-image-valign-top\"><div class=\"uagb-ifb-content\"><div class=\"uagb-ifb-title-wrap\"><h2 class=\"uagb-ifb-title\">WIL JE BOEKEN?<\/h2><\/div><div class=\"uagb-ifb-button-wrapper wp-block-button\"><a href=\"?page_id=2035\" class=\"uagb-infobox-cta-link wp-block-button__link\" target=\"_self\" rel=\"noopener noreferrer\" onclick=\"return true;\" alt=\"\"><span class=\"uagb-inline-editing\">Bekijk beschikbaarheid<\/span><\/a><\/div><\/div><\/div>\n<\/div><\/div>\n\n\n\n<div class=\"wp-block-uagb-container uagb-block-ac6959d9 alignfull uagb-is-root-container\"><div class=\"uagb-container-inner-blocks-wrap\"><\/div><\/div>\n","protected":false},"excerpt":{"rendered":"<p>Casa Tavola<\/p>\n","protected":false},"author":1,"featured_media":0,"parent":0,"menu_order":0,"comment_status":"closed","ping_status":"closed","template":"","meta":{"_uag_custom_page_level_css":"","site-sidebar-layout":"no-sidebar","site-content-layout":"page-builder","ast-site-content-layout":"full-width-container","site-content-style":"unboxed","site-sidebar-style":"unboxed","ast-global-header-display":"","ast-banner-title-visibility":"","ast-main-header-display":"","ast-hfb-above-header-display":"","ast-hfb-below-header-display":"","ast-hfb-mobile-header-display":"","site-post-title":"disabled","ast-breadcrumbs-content":"","ast-featured-img":"disabled","footer-sml-layout":"","theme-transparent-header-meta":"enabled","adv-header-id-meta":"","stick-header-meta":"","header-above-stick-meta":"","header-main-stick-meta":"","header-below-stick-meta":"","astra-migrate-meta-layouts":"set","ast-page-background-enabled":"default","ast-page-background-meta":{"desktop":{"background-color":"var(--ast-global-color-4)","background-image":"","background-repeat":"repeat","background-position":"center center","background-size":"auto","background-attachment":"scroll","background-type":"","background-media":"","overlay-type":"","overlay-color":"","overlay-gradient":""},"tablet":{"background-color":"","background-image":"","background-repeat":"repeat","background-position":"center center","background-size":"auto","background-attachment":"scroll","background-type":"","background-media":"","overlay-type":"","overlay-color":"","overlay-gradient":""},"mobile":{"background-color":"","background-image":"","background-repeat":"repeat","background-position":"center center","background-size":"auto","background-attachment":"scroll","background-type":"","background-media":"","overlay-type":"","overlay-color":"","overlay-gradient":""}},"ast-content-background-meta":{"desktop":{"background-color":"var(--ast-global-color-5)","background-image":"","background-repeat":"repeat","background-position":"center center","background-size":"auto","background-attachment":"scroll","background-type":"","background-media":"","overlay-type":"","overlay-color":"","overlay-gradient":""},"tablet":{"background-color":"var(--ast-global-color-5)","background-image":"","background-repeat":"repeat","background-position":"center center","background-size":"auto","background-attachment":"scroll","background-type":"","background-media":"","overlay-type":"","overlay-color":"","overlay-gradient":""},"mobile":{"background-color":"var(--ast-global-color-5)","background-image":"","background-repeat":"repeat","background-position":"center center","background-size":"auto","background-attachment":"scroll","background-type":"","background-media":"","overlay-type":"","overlay-color":"","overlay-gradient":""}},"footnotes":""},"class_list":["post-1322","page","type-page","status-publish","hentry"],"uagb_featured_image_src":{"full":false,"thumbnail":false,"medium":false,"medium_large":false,"large":false,"1536x1536":false,"2048x2048":false},"uagb_author_info":{"display_name":"casatavola.nl","author_link":"https:\/\/casatavola.nl\/?author=1"},"uagb_comment_info":0,"uagb_excerpt":"Casa Tavola","_links":{"self":[{"href":"https:\/\/casatavola.nl\/index.php?rest_route=\/wp\/v2\/pages\/1322","targetHints":{"allow":["GET"]}}],"collection":[{"href":"https:\/\/casatavola.nl\/index.php?rest_route=\/wp\/v2\/pages"}],"about":[{"href":"https:\/\/casatavola.nl\/index.php?rest_route=\/wp\/v2\/types\/page"}],"author":[{"embeddable":true,"href":"https:\/\/casatavola.nl\/index.php?rest_route=\/wp\/v2\/users\/1"}],"replies":[{"embeddable":true,"href":"https:\/\/casatavola.nl\/index.php?rest_route=%2Fwp%2Fv2%2Fcomments&post=1322"}],"version-history":[{"count":71,"href":"https:\/\/casatavola.nl\/index.php?rest_route=\/wp\/v2\/pages\/1322\/revisions"}],"predecessor-version":[{"id":2220,"href":"https:\/\/casatavola.nl\/index.php?rest_route=\/wp\/v2\/pages\/1322\/revisions\/2220"}],"wp:attachment":[{"href":"https:\/\/casatavola.nl\/index.php?rest_route=%2Fwp%2Fv2%2Fmedia&parent=1322"}],"curies":[{"name":"wp","href":"https:\/\/api.w.org\/{rel}","templated":true}]}}